{"id":574,"date":"2025-05-16T14:07:02","date_gmt":"2025-05-16T11:07:02","guid":{"rendered":"https:\/\/www.proentertainment.lt\/produktas\/eurolite-audience-blinder-2x-100w-cob-2\/"},"modified":"2025-05-16T14:07:02","modified_gmt":"2025-05-16T11:07:02","slug":"eurolite-audience-blinder-2x-100w-cob-2","status":"publish","type":"product","link":"https:\/\/www.proentertainment.lt\/en\/produktas\/eurolite-audience-blinder-2x-100w-cob-2","title":{"rendered":"EUROLITE Audience Blinder 2x 100W COB"},"content":{"rendered":"<p>Audience Blinder 2x 100W COB LED-Valopesuri CW\/WW s\u00e4\u00e4dett\u00e4v\u00e4ll\u00e4 v\u00e4ril\u00e4mm\u00f6ll\u00e4 3200-8800K, kolme sis\u00e4\u00e4nrakennettua ohjelmaa, strobe-efektiss\u00e4 s\u00e4\u00e4dett\u00e4v\u00e4 s\u00e4\u00e4dett\u00e4v\u00e4 v\u00e4l\u00e4hdysnopeus, LED-toimintan\u00e4ytt\u00f6 ohjauspaneelillla, automaatti- tai \u00e4\u00e4niohjaus, DMX-ohjaus 4- tai 8-kanavaa, master\/slave, DMX 3-napainen XLR-liitin sis\u00e4\u00e4n ja ulos, powerCON-virtaliitin sis\u00e4\u00e4n ja ulos, s\u00e4\u00e4dett\u00e4v\u00e4 ripustusasasennus, mitat 150 x 370 x 240mm, paino 3,4kg<\/p>\n","protected":false},"excerpt":{"rendered":"<ul>\n<li><span lang=\"EN-US\">Controls: DMX or Stand-alone<\/span><\/li>\n<li><span lang=\"EN-US\">DMX channels: 4.8ch<\/span><\/li>\n<li><span lang=\"EN-US\">Light source: 2x100w led<\/span><\/li>\n<li><span lang=\"EN-US\">Colour temperature: 3200-6400k<\/span><\/li>\n<li><span lang=\"EN-US\">Flashing frequency: 0-20hz<\/span><\/li>\n<li><span lang=\"EN-US\">Power consumption: 200w<\/span><\/li>\n<li><span lang=\"EN-US\">Dimensions (PxIxA): 37x15x24cm<\/span><\/li>\n<li><span lang=\"EN-US\">Weight: 3,42kg<\/span><\/li>\n<\/ul>\n","protected":false},"featured_media":342,"comment_status":"open","ping_status":"closed","template":"","meta":[],"product_brand":[],"product_cat":[35],"product_tag":[],"class_list":{"0":"post-574","1":"product","2":"type-product","3":"status-publish","4":"has-post-thumbnail","6":"product_cat-light","8":"first","9":"instock","10":"shipping-taxable","11":"purchasable","12":"product-type-simple"},"_links":{"self":[{"href":"https:\/\/www.proentertainment.lt\/en\/wp-json\/wp\/v2\/product\/574","targetHints":{"allow":["GET"]}}],"collection":[{"href":"https:\/\/www.proentertainment.lt\/en\/wp-json\/wp\/v2\/product"}],"about":[{"href":"https:\/\/www.proentertainment.lt\/en\/wp-json\/wp\/v2\/types\/product"}],"replies":[{"embeddable":true,"href":"https:\/\/www.proentertainment.lt\/en\/wp-json\/wp\/v2\/comments?post=574"}],"wp:featuredmedia":[{"embeddable":true,"href":"https:\/\/www.proentertainment.lt\/en\/wp-json\/wp\/v2\/media\/342"}],"wp:attachment":[{"href":"https:\/\/www.proentertainment.lt\/en\/wp-json\/wp\/v2\/media?parent=574"}],"wp:term":[{"taxonomy":"product_brand","embeddable":true,"href":"https:\/\/www.proentertainment.lt\/en\/wp-json\/wp\/v2\/product_brand?post=574"},{"taxonomy":"product_cat","embeddable":true,"href":"https:\/\/www.proentertainment.lt\/en\/wp-json\/wp\/v2\/product_cat?post=574"},{"taxonomy":"product_tag","embeddable":true,"href":"https:\/\/www.proentertainment.lt\/en\/wp-json\/wp\/v2\/product_tag?post=574"}],"curies":[{"name":"wp","href":"https:\/\/api.w.org\/{rel}","templated":true}]}}