{"id":747,"date":"2025-09-11T17:30:53","date_gmt":"2025-09-11T14:30:53","guid":{"rendered":"https:\/\/www.proentertainment.lt\/?post_type=product&#038;p=747"},"modified":"2025-09-11T17:31:29","modified_gmt":"2025-09-11T14:31:29","slug":"aquapearl-mini","status":"publish","type":"product","link":"https:\/\/www.proentertainment.lt\/en\/produktas\/aquapearl-mini","title":{"rendered":"AQUAPEARL-MINI"},"content":{"rendered":"<div>\n<div id=\"tab-description\" role=\"tabpanel\" aria-labelledby=\"tab-title-description\">\n<div>\n<div>\n<div>\n<div>\n<div data-bg-url=\"\">\n<div>\n<div>\n<div id=\"tab-f3847c4027b1cbf639b\">\n<p><strong>OPTICAL<\/strong><\/p>\n<p>Light source : 7pcs * 60W RGBW 4 in 1 LED<br \/>\nBeam angle : 4\u00b0 to 32\u00b0<br \/>\nZoom angle : 5\u00b0 to 50\u00b0<br \/>\nLight color temperature range : 2500K to 10000K<br \/>\nIlluminance\u00a0: 23500lux@ 5m<br \/>\nTotal lumen output : 7100LM<br \/>\nLight source average life span : 20000H<\/p>\n<p><strong>COLOR<\/strong><\/p>\n<p>Color mixing : RGBW color mixing system, can make rainbow effect<\/p>\n<p><strong>EFFECTS<\/strong><\/p>\n<p>Zoom system : Linear electric zoom<br \/>\nIndividual LED control : Individual LED control, outstanding effect<br \/>\nFront ring AURA : The front ring AURA\u2019s LED chip can be controlled individually, can make flow color effect<br \/>\nEffect macro : Static effect macro function and dynamic effect macro function<br \/>\nDimmer : Electronic dimmer, provides four dimming options<br \/>\nStrobe : 0.5-25Hz electronic strobe and random strobe<\/p>\n<p><strong>CONTROL<\/strong><\/p>\n<p>Channel mode : 31CH,55CH,21CH,35CH,28CH<br \/>\nControl protocol : DMX512, RDM\u3001ARTNET<br \/>\nDMX and RDM connectors : Locking 3 pin or 5 pin XLR IN\/OUT<br \/>\nDisplay : LCD display screen. With Chinese and English two version language.<\/p>\n<p><strong>SOFTWARE<\/strong><\/p>\n<p>Software upgrade : Upgrade via DMX connector or USB<br \/>\nTemperature control : Intelligent temperature control to ensure LED life<\/p>\n<p><strong>X\/Y ANGLE OF MOTION<\/strong><\/p>\n<p>Pan\/Tilt : 540\u00b0\/250\u00b0 8bit\/16bit<br \/>\nReset function with automatic error correction<br \/>\nFixed lock : Tilt axis lock<\/p>\n<p><strong>POWER<\/strong><\/p>\n<p>Voltage : AC 100-240V 50\/60Hz<br \/>\nPower : 480W PF 0.9<\/p>\n<p><strong>SIZE &amp; WEIGHT<\/strong><\/p>\n<p>Light dimension : 329\u00d7245\u00d7454(mm)<br \/>\nN.W : 12.3 kg\/pcs<br \/>\nCarton dimension : 410\u00d7290\u00d7625(mm)<br \/>\nG.W with carton : 15.7kg\/pcs<br \/>\nFlycase dimension : 850mm\u00d7660mm\u00d7725mm<br \/>\nG.W with fly case : 100.4 kg (4 in 1)<\/p>\n<p><strong>OTHERS<\/strong><\/p>\n<p>IP rate : IP66<br \/>\nWorking environment : -10\u2103 to 40\u2103<br \/>\nMaximum temperature of light body surface : 80\u2103<br \/>\nMaximum current : 2.4A\/220V\uff1b 4.8A\/110V<\/p>\n<p><strong>APPROVALS<\/strong><\/p>\n<p>The product implementation standard : GB 7000.1-2015 GB7000. 217-2008<br \/>\nApproved certifications : CE\u3001RoHs<br \/>\nThe product complies with the following EU directives:<br \/>\nLow Voltage Directive 2014\/35\/EU . EMC Directive 2014\/30\/EU<\/p>\n<\/div>\n<\/div>\n<\/div>\n<\/div>\n<\/div>\n<\/div>\n<\/div>\n<\/div>\n<\/div>\n<\/div>\n","protected":false},"excerpt":{"rendered":"<p>B\u016bdama viena i\u0161 pirmaujan\u010di\u0173 scenos ap\u0161vietimo \u012frangos tiek\u0117j\u0173, turinti daugiau nei 30 met\u0173 patirt\u012f, \u201eLiGHT SKY\u201c pristat\u0117 nauj\u0105 LED \u0161viestuv\u0105 \u2013 AQUAPEARL-MINI. Paprasto ir eleganti\u0161ko dizaino judantis \u017eibintas yra kompakti\u0161kas, lengvas ir labai ne\u0161iojamas.<\/p>\n<p>Tur\u0117damas daugyb\u0119 spalv\u0173 ir dinamini\u0173 efekt\u0173 makrokomand\u0173, m\u016bs\u0173 lauko dangaus \u0161viestuvas gali b\u016bti naudojamas \u012fvairiems ap\u0161vietimo variantams su \u017eym\u0117jimo efektu.<\/p>\n<p>Nuomos kaina: 50 eur+ PVM<\/p>\n<p><strong>Pardavimas<\/strong><\/p>\n<ul>\n<li>Naujas: 970 eur + PVM<\/li>\n<li>Naudotas: 870 eur + PVM<\/li>\n<li>Turime 100 vnt.<\/li>\n<\/ul>\n","protected":false},"featured_media":748,"comment_status":"open","ping_status":"closed","template":"","meta":[],"product_brand":[],"product_cat":[19,17],"product_tag":[],"class_list":{"0":"post-747","1":"product","2":"type-product","3":"status-publish","4":"has-post-thumbnail","6":"product_cat-nuoma","7":"product_cat-sviesa","9":"first","10":"instock","11":"shipping-taxable","12":"product-type-simple"},"_links":{"self":[{"href":"https:\/\/www.proentertainment.lt\/en\/wp-json\/wp\/v2\/product\/747","targetHints":{"allow":["GET"]}}],"collection":[{"href":"https:\/\/www.proentertainment.lt\/en\/wp-json\/wp\/v2\/product"}],"about":[{"href":"https:\/\/www.proentertainment.lt\/en\/wp-json\/wp\/v2\/types\/product"}],"replies":[{"embeddable":true,"href":"https:\/\/www.proentertainment.lt\/en\/wp-json\/wp\/v2\/comments?post=747"}],"wp:featuredmedia":[{"embeddable":true,"href":"https:\/\/www.proentertainment.lt\/en\/wp-json\/wp\/v2\/media\/748"}],"wp:attachment":[{"href":"https:\/\/www.proentertainment.lt\/en\/wp-json\/wp\/v2\/media?parent=747"}],"wp:term":[{"taxonomy":"product_brand","embeddable":true,"href":"https:\/\/www.proentertainment.lt\/en\/wp-json\/wp\/v2\/product_brand?post=747"},{"taxonomy":"product_cat","embeddable":true,"href":"https:\/\/www.proentertainment.lt\/en\/wp-json\/wp\/v2\/product_cat?post=747"},{"taxonomy":"product_tag","embeddable":true,"href":"https:\/\/www.proentertainment.lt\/en\/wp-json\/wp\/v2\/product_tag?post=747"}],"curies":[{"name":"wp","href":"https:\/\/api.w.org\/{rel}","templated":true}]}}