{"id":763,"date":"2025-09-11T17:34:17","date_gmt":"2025-09-11T14:34:17","guid":{"rendered":"https:\/\/www.proentertainment.lt\/?post_type=product&#038;p=763"},"modified":"2025-09-11T17:34:17","modified_gmt":"2025-09-11T14:34:17","slug":"mini-lunar","status":"publish","type":"product","link":"https:\/\/www.proentertainment.lt\/en\/produktas\/mini-lunar","title":{"rendered":"MINI LUNAR"},"content":{"rendered":"<p><strong>Light Source \/ Power System<\/strong><\/p>\n<p>Voltage : AC100-240V 50\/60Hz<br \/>\nPower rating : 400W\uff1b PF : 0.987<br \/>\nPower in connector : Neutrik power<br \/>\nDMX and RDM IN\/OUT : Locking 3-pin ( 5-pin XLR Optional)<br \/>\nLamp : USHIO NSL 301<br \/>\nLight source power : 300W<br \/>\nLamp Average Lift span : 2000h<br \/>\nFixture Total Lumen Output : 19000 LM<br \/>\nLight source CCT : 7300 K<br \/>\nCRI : 80<br \/>\nBallast : Electronic<br \/>\nOutput lens diameter : \u03c6150 mm<br \/>\nIlluminance : 375000 lux @10m<\/p>\n<p><strong>Color \/ GOBO \/ Effects<\/strong><\/p>\n<p>Beam range : 1.8\u00b0 beam angle (0.6\u00b0 \/ 1.2\u00b0 beam angle selection)<br \/>\nColour Wheel : Color wheel : 12 color + 2 CTO + 1 blank<br \/>\nStatic gobo wheel : 11 Gobos + open + 3 animations range ,Bi-direction flow water<br \/>\nPrism : With 8 facet prism+24 face prism+prism combination<br \/>\nFrost : adjustable wash effect angle<br \/>\nFocus : Motorized focus<br \/>\nStrobe : Electronic pulse strobe and random strobe<br \/>\nDimmer : 0 to 100% linear dimmer<\/p>\n<p><strong>Control System<\/strong><\/p>\n<p>Pan\/Tilt : 540\u00b0\/270\u00b0<br \/>\nPan \/ Tilt Resolution : 2.11\u00b0\/1.05\u00b0<br \/>\nPan \/ Tilt Speed : 2.7S\/1.6S<br \/>\nIP Set : RDM two-way data transmission,Remote reset DMX address.<br \/>\nDisplay : The display panel adopts a 1.77-inch TFT screen<br \/>\nIntelligent control : Display board can record device\u2019s using time , show device\u2019s temperature, channel data and software version .<br \/>\nSoftware upgrade : Upgrade with DMX<br \/>\nControl protocol : DMX512, RDM<br \/>\nChannel mode : 14CH\u300116CH \u300116 PLUS<\/p>\n<p><strong>Appearance Parameters<\/strong><\/p>\n<p>Housing : Engineering plastic PA66<br \/>\nHanging system : foldable light hook<br \/>\nIP rate : IP20<br \/>\nLight dimension : 335x210x477mm<br \/>\nN.W : 15.4 Kg\/pcs<br \/>\nCarton dimension : 410x290x635mm<br \/>\nG.W with carton : 18.5 Kg<br \/>\nFlycase dimension : 660x500x720(mm)<br \/>\nG.W with fly case : 62.8Kg(2 in 1)<br \/>\nFlycase dimension : 820x685x720mm<br \/>\nG.W with fly case : 106.6Kg(4 in 1)<\/p>\n","protected":false},"excerpt":{"rendered":"<p>Mini Lunar judantys priekiniai \u017eibintai gali sukurti \u012fvairius spalv\u0173 efektus, kad atitikt\u0173 skirting\u0173 scen\u0173 poreikius. \u201eLiGHT SKY\u201c yra \u012fsipareigojusi visiems klientams tiekti auk\u0161tos kokyb\u0117s mini spinduli\u0173 \u0161viesas; jei jus domina mini scenos \u017eibintai, susisiekite su mumis, ir m\u016bs\u0173 ekspert\u0173 komanda kuo grei\u010diau su jumis susisieks.<\/p>\n<p>Nuomos kaina: 100 eur+ PVM<\/p>\n<p><strong>Pardavimas<\/strong><\/p>\n<ul>\n<li>Naujas: 770 eur + PVM<\/li>\n<li>Naudotas: 650 eur + PVM<\/li>\n<li>Turime 120 vnt.<\/li>\n<\/ul>\n","protected":false},"featured_media":764,"comment_status":"open","ping_status":"closed","template":"","meta":[],"product_brand":[],"product_cat":[19,17],"product_tag":[],"class_list":{"0":"post-763","1":"product","2":"type-product","3":"status-publish","4":"has-post-thumbnail","6":"product_cat-nuoma","7":"product_cat-sviesa","9":"first","10":"instock","11":"shipping-taxable","12":"product-type-simple"},"_links":{"self":[{"href":"https:\/\/www.proentertainment.lt\/en\/wp-json\/wp\/v2\/product\/763","targetHints":{"allow":["GET"]}}],"collection":[{"href":"https:\/\/www.proentertainment.lt\/en\/wp-json\/wp\/v2\/product"}],"about":[{"href":"https:\/\/www.proentertainment.lt\/en\/wp-json\/wp\/v2\/types\/product"}],"replies":[{"embeddable":true,"href":"https:\/\/www.proentertainment.lt\/en\/wp-json\/wp\/v2\/comments?post=763"}],"wp:featuredmedia":[{"embeddable":true,"href":"https:\/\/www.proentertainment.lt\/en\/wp-json\/wp\/v2\/media\/764"}],"wp:attachment":[{"href":"https:\/\/www.proentertainment.lt\/en\/wp-json\/wp\/v2\/media?parent=763"}],"wp:term":[{"taxonomy":"product_brand","embeddable":true,"href":"https:\/\/www.proentertainment.lt\/en\/wp-json\/wp\/v2\/product_brand?post=763"},{"taxonomy":"product_cat","embeddable":true,"href":"https:\/\/www.proentertainment.lt\/en\/wp-json\/wp\/v2\/product_cat?post=763"},{"taxonomy":"product_tag","embeddable":true,"href":"https:\/\/www.proentertainment.lt\/en\/wp-json\/wp\/v2\/product_tag?post=763"}],"curies":[{"name":"wp","href":"https:\/\/api.w.org\/{rel}","templated":true}]}}