{"id":793,"date":"2025-09-12T12:26:16","date_gmt":"2025-09-12T09:26:16","guid":{"rendered":"https:\/\/www.proentertainment.lt\/?post_type=product&#038;p=793"},"modified":"2025-09-12T12:26:16","modified_gmt":"2025-09-12T09:26:16","slug":"shure-ulx-d","status":"publish","type":"product","link":"https:\/\/www.proentertainment.lt\/en\/produktas\/shure-ulx-d","title":{"rendered":"Shure \u2013 ULX-D"},"content":{"rendered":"<p><strong>Uncompromising Digital Wireless Audio<\/strong><\/p>\n<p>24-bit\/48 kHz digital audio that delivers incredibly clear and accurate reproduction of the source material<br \/>\n20 Hz \u2013 20 kHz frequency range with flat response<br \/>\nGreater than 120 dB dynamic range through the analog outputs<br \/>\n130 dB dynamic range (typical) using Dante and AES67 digital networked audio<br \/>\n60 dB of adjustable system gain easily accessible from the receiver front panel<br \/>\nNo transmitter gain adjustments needed: optimised for any input source<br \/>\nWide selection of trusted Shure Microphones<br \/>\nExtremely Efficient and Reliable RF Performance<\/p>\n<p>Expanded tuning range &#8211; ULXD1, ULX2, ULXD4D and ULXD4Q components now available with up to 166 MHz overall tuning range (region dependent)*<br \/>\nUp to 17 active transmitters in one 6 MHz TV channel (23 on an 8 MHz TV channel)<br \/>\nHigh Density mode enables up to 47 active transmitters in one 6 MHz TV channel (63 in one 8 MHz TV channel), with no audio quality degradation<br \/>\nRock-solid signal stability with no audio artifacts over the entire 100 meter line-of-sight range using standard supplied \u00bd wave antennas<br \/>\nSelectable 1, 10, and 20 mW transmitter RF output power (comparable to 5 times the analog RF output power equivalent)<br \/>\nFor ease of use, optimised scanning automatically finds, prioritises, and selects the cleanest frequencies available.<br \/>\n*Note that ULXD4, ULXD6 and ULXD8 remain available for operation on legacy frequency bands<\/p>\n<p><strong>Scalable, Intelligent Hardware<\/strong><\/p>\n<p>Single (half-rack), Dual, and Quad (full-rack) receiver form factors for any size installation<br \/>\nAES-256 bit encryption equipped for secure wireless transmission<br \/>\nEthernet networking allows for streamlined setup across multiple receivers.<br \/>\nWireless Workbench 6: The ULX-D is compatible with Wireless Workbench 6 software for advanced frequency coordination, monitoring, and control.<br \/>\nComprehensive 3rd party control and monitoring across subnets<br \/>\nAXT600 Axient\u00ae Spectrum Manager compatibility<br \/>\nRugged metal housing on both transmitters and receiver<br \/>\nDual and Quad receivers additionally feature:<br \/>\nExpanded tuning range (up to 166 MHz, region dependent)<br \/>\nRF cascade ports, internal power supply, and dual Ethernet ports<br \/>\nDante\u2122 digital networked audio over Ethernet<br \/>\nBodypack frequency diversity ensures uninterrupted audio for mission-critical applications<br \/>\nAudio summing routes audio signal to multiple outputs<br \/>\nShure Advanced Power Management<\/p>\n<p>SB900 Series rechargeable batteries provides ULX-D transmitters with up to 12 hours of run-time use<br \/>\nLithium-Ion chemistry and intelligent Shure battery circuitry for precision metering and zero memory effect saving the equivalent of 1000 disposable batteries<br \/>\nTransmitters and receivers display remaining battery life in hours and minutes, accurate to within 15 minutes.<br \/>\nAA backwards compatibility<\/p>\n","protected":false},"excerpt":{"rendered":"<p>\u201eShure ULX-D Digital Wireless\u201c si\u016blo nepriekai\u0161ting\u0105 24 bit\u0173 garso ai\u0161kum\u0105 ir itin efektyv\u0173 radijo da\u017eni\u0173 na\u0161um\u0105 su vieno, dviej\u0173 ir keturi\u0173 kanal\u0173 imtuvais bet kokio dyd\u017eio profesionalioms garso stiprinimo programoms.<\/p>\n<p><strong>Nuomos kaina 40 eur+ PVM<\/strong><\/p>\n<p>Turime 12 vnt.<\/p>\n","protected":false},"featured_media":794,"comment_status":"open","ping_status":"closed","template":"","meta":[],"product_brand":[],"product_cat":[19],"product_tag":[],"class_list":{"0":"post-793","1":"product","2":"type-product","3":"status-publish","4":"has-post-thumbnail","6":"product_cat-nuoma","8":"first","9":"instock","10":"shipping-taxable","11":"product-type-simple"},"_links":{"self":[{"href":"https:\/\/www.proentertainment.lt\/en\/wp-json\/wp\/v2\/product\/793","targetHints":{"allow":["GET"]}}],"collection":[{"href":"https:\/\/www.proentertainment.lt\/en\/wp-json\/wp\/v2\/product"}],"about":[{"href":"https:\/\/www.proentertainment.lt\/en\/wp-json\/wp\/v2\/types\/product"}],"replies":[{"embeddable":true,"href":"https:\/\/www.proentertainment.lt\/en\/wp-json\/wp\/v2\/comments?post=793"}],"wp:featuredmedia":[{"embeddable":true,"href":"https:\/\/www.proentertainment.lt\/en\/wp-json\/wp\/v2\/media\/794"}],"wp:attachment":[{"href":"https:\/\/www.proentertainment.lt\/en\/wp-json\/wp\/v2\/media?parent=793"}],"wp:term":[{"taxonomy":"product_brand","embeddable":true,"href":"https:\/\/www.proentertainment.lt\/en\/wp-json\/wp\/v2\/product_brand?post=793"},{"taxonomy":"product_cat","embeddable":true,"href":"https:\/\/www.proentertainment.lt\/en\/wp-json\/wp\/v2\/product_cat?post=793"},{"taxonomy":"product_tag","embeddable":true,"href":"https:\/\/www.proentertainment.lt\/en\/wp-json\/wp\/v2\/product_tag?post=793"}],"curies":[{"name":"wp","href":"https:\/\/api.w.org\/{rel}","templated":true}]}}